{"id":31,"date":"2025-10-26T14:37:38","date_gmt":"2025-10-26T14:37:38","guid":{"rendered":"https:\/\/pattesdesakura.fr\/?page_id=31"},"modified":"2025-11-07T17:18:59","modified_gmt":"2025-11-07T17:18:59","slug":"nous-contacter","status":"publish","type":"page","link":"https:\/\/pattesdesakura.fr\/?page_id=31","title":{"rendered":"Nous contacter"},"content":{"rendered":"\n<p><\/p>\n\n\n\n<p class=\"has-medium-font-size\">Une tasse de th\u00e9 virtuel? Pour une collaboration, une id\u00e9e, un mot doux&#8230;<\/p>\n\n\n\n<p class=\"has-medium-font-size\">Si vous avez des questions pour moi ou si vous voulez discuter de quelque chose, vous pouvez m&rsquo;envoyer un e-mail \u00e0: <strong><em><mark style=\"background-color:rgba(0, 0, 0, 0)\" class=\"has-inline-color has-pale-pink-color\">virginie@pattesdesakura.fr<\/mark><\/em><\/strong><\/p>\n\n\n\n<p class=\"has-medium-font-size\"><em>Uniquement si vous partagez les m\u00eames valeurs, la m\u00eame ambiance qu&rsquo;ici ! <\/em><\/p>\n\n\n\n<ul class=\"wp-block-list has-medium-font-size\">\n<li>Respect de la Nature<\/li>\n\n\n\n<li>Lien humain-animal<\/li>\n\n\n\n<li>D\u00e9couverte et \u00e9merveillement<\/li>\n\n\n\n<li>Douceur et simplicit\u00e9 japonaise<\/li>\n<\/ul>\n\n\n\n<p class=\"has-medium-font-size\"><em>Je ferai alors de mon mieux pour vous r\u00e9pondre dans les 24 heures.<\/em><\/p>\n\n\n<div class=\"wp-block-image is-style-rounded\">\n<figure class=\"aligncenter size-full is-resized\"><img loading=\"lazy\" decoding=\"async\" width=\"1024\" height=\"1024\" src=\"https:\/\/pattesdesakura.fr\/wp-content\/uploads\/2025\/10\/F445E070-805B-466A-81DB-3B114454AE15.png\" alt=\"Logo Pattes de Sakura\" class=\"wp-image-34\" style=\"width:293px;height:auto\" srcset=\"https:\/\/pattesdesakura.fr\/wp-content\/uploads\/2025\/10\/F445E070-805B-466A-81DB-3B114454AE15.png 1024w, https:\/\/pattesdesakura.fr\/wp-content\/uploads\/2025\/10\/F445E070-805B-466A-81DB-3B114454AE15-300x300.png 300w, https:\/\/pattesdesakura.fr\/wp-content\/uploads\/2025\/10\/F445E070-805B-466A-81DB-3B114454AE15-150x150.png 150w, https:\/\/pattesdesakura.fr\/wp-content\/uploads\/2025\/10\/F445E070-805B-466A-81DB-3B114454AE15-768x768.png 768w\" sizes=\"auto, (max-width: 1024px) 100vw, 1024px\" \/><\/figure>\n<\/div>\n\n\n<p>Lien du Shop Les 3C : <a href=\"https:\/\/www.shop.les3cnancy.com\">https:\/\/www.shop.les3cnancy.com<\/a><\/p>\n\n\n\n<p><\/p>\n\n\n\n<p><\/p>\n","protected":false},"excerpt":{"rendered":"<p>Une tasse de th\u00e9 virtuel? Pour une collaboration, une id\u00e9e, un mot doux&#8230; Si vous avez des questions pour moi ou si vous voulez discuter de quelque chose, vous pouvez m&rsquo;envoyer un e-mail \u00e0: virginie@pattesdesakura.fr Uniquement si vous partagez les m\u00eames valeurs, la m\u00eame ambiance qu&rsquo;ici ! Je ferai alors de mon mieux pour vous r\u00e9pondre dans les 24 heures. Lien du Shop Les 3C : https:\/\/www.shop.les3cnancy.com<\/p>\n","protected":false},"author":1,"featured_media":0,"parent":0,"menu_order":0,"comment_status":"closed","ping_status":"closed","template":"","meta":{"footnotes":""},"class_list":["post-31","page","type-page","status-publish","hentry"],"_links":{"self":[{"href":"https:\/\/pattesdesakura.fr\/index.php?rest_route=\/wp\/v2\/pages\/31","targetHints":{"allow":["GET"]}}],"collection":[{"href":"https:\/\/pattesdesakura.fr\/index.php?rest_route=\/wp\/v2\/pages"}],"about":[{"href":"https:\/\/pattesdesakura.fr\/index.php?rest_route=\/wp\/v2\/types\/page"}],"author":[{"embeddable":true,"href":"https:\/\/pattesdesakura.fr\/index.php?rest_route=\/wp\/v2\/users\/1"}],"replies":[{"embeddable":true,"href":"https:\/\/pattesdesakura.fr\/index.php?rest_route=%2Fwp%2Fv2%2Fcomments&post=31"}],"version-history":[{"count":14,"href":"https:\/\/pattesdesakura.fr\/index.php?rest_route=\/wp\/v2\/pages\/31\/revisions"}],"predecessor-version":[{"id":263,"href":"https:\/\/pattesdesakura.fr\/index.php?rest_route=\/wp\/v2\/pages\/31\/revisions\/263"}],"wp:attachment":[{"href":"https:\/\/pattesdesakura.fr\/index.php?rest_route=%2Fwp%2Fv2%2Fmedia&parent=31"}],"curies":[{"name":"wp","href":"https:\/\/api.w.org\/{rel}","templated":true}]}}