{"id":3,"date":"2025-10-21T21:07:47","date_gmt":"2025-10-21T21:07:47","guid":{"rendered":"http:\/\/pattesdesakura.fr\/?page_id=3"},"modified":"2025-10-28T20:08:23","modified_gmt":"2025-10-28T20:08:23","slug":"privacy-policy","status":"publish","type":"page","link":"https:\/\/pattesdesakura.fr\/","title":{"rendered":"A propos &#8211; Sous les Pattes de Sakura"},"content":{"rendered":"\n<p class=\"has-text-align-center has-medium-font-size\">Ce blog est une invitation \u00e0 marcher lentement, \u00e0 aimer plus fort et \u00e0 respirer plus doucement.               Du partage et des conseils.<\/p>\n\n\n\n<p class=\"has-text-align-center has-medium-font-size\"><strong><em>Bonjour et Bienvenue dans mon petit monde de douceur.<\/em><\/strong><\/p>\n\n\n<div class=\"wp-block-image\">\n<figure class=\"aligncenter is-resized\"><img loading=\"lazy\" decoding=\"async\" width=\"1024\" height=\"1024\" src=\"https:\/\/pattesdesakura.fr\/wp-content\/uploads\/2025\/10\/F445E070-805B-466A-81DB-3B114454AE15.png\" alt=\"\" class=\"wp-image-34\" style=\"width:290px;height:auto\" srcset=\"https:\/\/pattesdesakura.fr\/wp-content\/uploads\/2025\/10\/F445E070-805B-466A-81DB-3B114454AE15.png 1024w, https:\/\/pattesdesakura.fr\/wp-content\/uploads\/2025\/10\/F445E070-805B-466A-81DB-3B114454AE15-300x300.png 300w, https:\/\/pattesdesakura.fr\/wp-content\/uploads\/2025\/10\/F445E070-805B-466A-81DB-3B114454AE15-150x150.png 150w, https:\/\/pattesdesakura.fr\/wp-content\/uploads\/2025\/10\/F445E070-805B-466A-81DB-3B114454AE15-768x768.png 768w\" sizes=\"auto, (max-width: 1024px) 100vw, 1024px\" \/><\/figure>\n<\/div>\n\n\n<p class=\"has-text-align-center has-medium-font-size\">Pattes de Sakura est n\u00e9 d&rsquo;un souffle de printemps, d&rsquo;une envie de ralentir, de respirer et de partager la beaut\u00e9 simple des instants v\u00e9cus. Ici je raconte mes randonn\u00e9es\/treks, mes d\u00e9couvertes du Japon, mes moments de complicit\u00e9 avec mes compagnons \u00e0 pattes, et ces petits riens qui apaisent le coeur.<\/p>\n\n\n\n<p class=\"has-text-align-center has-medium-font-size\">Entre les fleurs de cerisier et les traces de pattes sur la terre, j&rsquo;essaie de capturer la po\u00e9sie du monde &#8211; celle qui se cache dans le regard d&rsquo;un animal, dans le bruit du vent ou dans une tasse de th\u00e9 fumant.<\/p>\n\n\n\n<p class=\"has-text-align-center has-medium-font-size\">Que tu sois amoureux des animaux, curieux du Japon ou simplement en qu\u00eate de douceur, j&rsquo;esp\u00e8re que tu trouveras ici un coin tranquille o\u00f9 t&rsquo;arr\u00eater un instant.<\/p>\n\n\n\n<p class=\"has-text-align-center has-medium-font-size\"><em>Bienvenue sous les cerisiers. Bienvenue chez Pattes de Sakura.<\/em><\/p>\n\n\n\n<h1 class=\"wp-block-heading\">L&rsquo;autrice:<\/h1>\n\n\n\n<p class=\"has-medium-font-size\"><strong class=\"privacy-policy-tutorial\"><em><mark style=\"background-color:rgba(0, 0, 0, 0)\" class=\"has-inline-color has-pale-pink-color\">Virginie<\/mark><\/em>: <\/strong>Amoureuse du Japon, des randonn\u00e9es et des animaux, je marche doucement sur les sentiers du quotidien, accompagn\u00e9e de mon chat et de mon chien.<\/p>\n\n\n\n<p class=\"has-medium-font-size\">J&rsquo;aime la Nature et ce qui gravite autour du zen. J&rsquo;aime la philosophie du Yoga, que je pratique maintenant depuis une douzaine d&rsquo;ann\u00e9es. Et je suis une grande passionn\u00e9e de la culture nippone. <\/p>\n\n\n\n<figure class=\"wp-block-image size-large wp-duotone-unset-1\"><img loading=\"lazy\" decoding=\"async\" width=\"1024\" height=\"768\" src=\"https:\/\/pattesdesakura.fr\/wp-content\/uploads\/2025\/10\/IMG_4647-1024x768.jpeg\" alt=\"\" class=\"wp-image-17\" srcset=\"https:\/\/pattesdesakura.fr\/wp-content\/uploads\/2025\/10\/IMG_4647-1024x768.jpeg 1024w, https:\/\/pattesdesakura.fr\/wp-content\/uploads\/2025\/10\/IMG_4647-300x225.jpeg 300w, https:\/\/pattesdesakura.fr\/wp-content\/uploads\/2025\/10\/IMG_4647-768x576.jpeg 768w, https:\/\/pattesdesakura.fr\/wp-content\/uploads\/2025\/10\/IMG_4647-1536x1152.jpeg 1536w, https:\/\/pattesdesakura.fr\/wp-content\/uploads\/2025\/10\/IMG_4647-2048x1536.jpeg 2048w\" sizes=\"auto, (max-width: 1024px) 100vw, 1024px\" \/><figcaption class=\"wp-element-caption\"><em>Virginie, Neko et Oga<\/em><\/figcaption><\/figure>\n\n\n\n<h1 class=\"wp-block-heading\">Mes complices:<\/h1>\n\n\n\n<p class=\"has-medium-font-size\"><strong class=\"privacy-policy-tutorial\"><em><mark style=\"background-color:rgba(0, 0, 0, 0);color:#9d4608\" class=\"has-inline-color\">Neko<\/mark><\/em>:<\/strong> C&rsquo;est un adorable petit chat noir. Il est n\u00e9 le 15\/08\/2017. Monsieur Neko est tr\u00e8s c\u00e2lin (comme beaucoup de chat noir), joueur et complice avec sa soeur Oga. Neko sait \u00e9galement faire quelques petits tours de \u00ab\u00a0cat dancing\u00a0\u00bb.<\/p>\n\n\n\n<p class=\"has-medium-font-size\">Il a \u00e9t\u00e9 adopt\u00e9 \u00e0 la SLPA. Tous les chats que j&rsquo;ai eu sont des adopt\u00e9s pour en faire des heureux !<\/p>\n\n\n\n<figure class=\"wp-block-image size-large\"><img loading=\"lazy\" decoding=\"async\" width=\"768\" height=\"1024\" src=\"https:\/\/pattesdesakura.fr\/wp-content\/uploads\/2025\/10\/IMG_3295-768x1024.jpeg\" alt=\"Neko et Oga\" class=\"wp-image-9\" srcset=\"https:\/\/pattesdesakura.fr\/wp-content\/uploads\/2025\/10\/IMG_3295-768x1024.jpeg 768w, https:\/\/pattesdesakura.fr\/wp-content\/uploads\/2025\/10\/IMG_3295-225x300.jpeg 225w, https:\/\/pattesdesakura.fr\/wp-content\/uploads\/2025\/10\/IMG_3295-1152x1536.jpeg 1152w, https:\/\/pattesdesakura.fr\/wp-content\/uploads\/2025\/10\/IMG_3295-1536x2048.jpeg 1536w, https:\/\/pattesdesakura.fr\/wp-content\/uploads\/2025\/10\/IMG_3295-scaled.jpeg 1920w\" sizes=\"auto, (max-width: 768px) 100vw, 768px\" \/><figcaption class=\"wp-element-caption\"><em>Neko &amp; Oga<\/em><\/figcaption><\/figure>\n\n\n\n<p class=\"has-medium-font-size\"><strong class=\"privacy-policy-tutorial\"><em><mark style=\"background-color:rgba(0, 0, 0, 0);color:#9b4a10\" class=\"has-inline-color\">Oga<\/mark><\/em>: <\/strong> C&rsquo;est une chienne de race Border collie, lign\u00e9e travail. Elle est n\u00e9e le 12\/06\/2018. Madame Oga est tr\u00e8s douce et sensible. C\u00e2line et joueuse. Elle pratique la Cani-rando, le Cani-paddle et le Dogdancing. Et bien sur, tr\u00e8s joueuse avec Monsieur Neko.<\/p>\n\n\n\n<p><\/p>\n","protected":false},"excerpt":{"rendered":"<p>Ce blog est une invitation \u00e0 marcher lentement, \u00e0 aimer plus fort et \u00e0 respirer plus doucement. Du partage et des conseils. Bonjour et Bienvenue dans mon petit monde de douceur. Pattes de Sakura est n\u00e9 d&rsquo;un souffle de printemps, d&rsquo;une envie de ralentir, de respirer et de partager la beaut\u00e9 simple des instants v\u00e9cus. Ici je raconte mes randonn\u00e9es\/treks, mes d\u00e9couvertes du Japon, mes moments de complicit\u00e9 avec mes compagnons \u00e0 pattes, et ces petits riens qui apaisent le coeur. Entre les fleurs de cerisier et les traces de pattes sur la terre, j&rsquo;essaie de capturer la po\u00e9sie du monde &#8211; celle qui se cache dans le regard d&rsquo;un animal, dans le bruit du vent ou dans une tasse de th\u00e9 fumant. Que tu sois amoureux des animaux, curieux du Japon ou simplement en qu\u00eate de douceur, j&rsquo;esp\u00e8re que tu trouveras ici un coin tranquille o\u00f9 t&rsquo;arr\u00eater un instant. Bienvenue sous les cerisiers. Bienvenue chez Pattes de Sakura. L&rsquo;autrice: Virginie: Amoureuse du Japon, des randonn\u00e9es et des animaux, je marche doucement sur les sentiers du quotidien, accompagn\u00e9e de mon chat et de mon chien. J&rsquo;aime la Nature et ce qui gravite autour du zen. J&rsquo;aime la philosophie du Yoga, que je pratique maintenant depuis une douzaine d&rsquo;ann\u00e9es. Et je suis une grande passionn\u00e9e de la culture nippone. Mes complices: Neko: C&rsquo;est un adorable petit chat noir. Il est n\u00e9 le 15\/08\/2017. Monsieur Neko est tr\u00e8s c\u00e2lin (comme beaucoup de chat noir), joueur et complice avec sa soeur Oga. Neko sait \u00e9galement faire quelques petits tours de \u00ab\u00a0cat dancing\u00a0\u00bb. Il a \u00e9t\u00e9 adopt\u00e9 \u00e0 la SLPA. Tous les chats que j&rsquo;ai eu sont des adopt\u00e9s pour en faire des heureux ! Oga: C&rsquo;est une chienne de race Border collie, lign\u00e9e travail. Elle est n\u00e9e le 12\/06\/2018. Madame Oga est tr\u00e8s douce et sensible. C\u00e2line et joueuse. Elle pratique la Cani-rando, le Cani-paddle et le Dogdancing. Et bien sur, tr\u00e8s joueuse avec Monsieur Neko.<\/p>\n","protected":false},"author":1,"featured_media":0,"parent":0,"menu_order":0,"comment_status":"closed","ping_status":"open","template":"","meta":{"footnotes":""},"class_list":["post-3","page","type-page","status-publish","hentry"],"_links":{"self":[{"href":"https:\/\/pattesdesakura.fr\/index.php?rest_route=\/wp\/v2\/pages\/3","targetHints":{"allow":["GET"]}}],"collection":[{"href":"https:\/\/pattesdesakura.fr\/index.php?rest_route=\/wp\/v2\/pages"}],"about":[{"href":"https:\/\/pattesdesakura.fr\/index.php?rest_route=\/wp\/v2\/types\/page"}],"author":[{"embeddable":true,"href":"https:\/\/pattesdesakura.fr\/index.php?rest_route=\/wp\/v2\/users\/1"}],"replies":[{"embeddable":true,"href":"https:\/\/pattesdesakura.fr\/index.php?rest_route=%2Fwp%2Fv2%2Fcomments&post=3"}],"version-history":[{"count":16,"href":"https:\/\/pattesdesakura.fr\/index.php?rest_route=\/wp\/v2\/pages\/3\/revisions"}],"predecessor-version":[{"id":190,"href":"https:\/\/pattesdesakura.fr\/index.php?rest_route=\/wp\/v2\/pages\/3\/revisions\/190"}],"wp:attachment":[{"href":"https:\/\/pattesdesakura.fr\/index.php?rest_route=%2Fwp%2Fv2%2Fmedia&parent=3"}],"curies":[{"name":"wp","href":"https:\/\/api.w.org\/{rel}","templated":true}]}}